{"id":4254,"date":"2020-06-11T08:11:35","date_gmt":"2020-06-11T07:11:35","guid":{"rendered":"https:\/\/vdyibiza.com\/?page_id=4254"},"modified":"2020-06-11T16:50:24","modified_gmt":"2020-06-11T15:50:24","slug":"sobre-nosotros","status":"publish","type":"page","link":"https:\/\/vdyibiza.com\/es\/sobre-nosotros\/","title":{"rendered":"Sobre nosotros"},"content":{"rendered":"\t\t<div data-elementor-type=\"wp-page\" data-elementor-id=\"4254\" class=\"elementor elementor-4254 elementor-3329\" data-elementor-post-type=\"page\">\n\t\t\t\t\t\t<section class=\"elementor-section elementor-top-section elementor-element elementor-element-4b878c6 elementor-section-boxed elementor-section-height-default elementor-section-height-default exad-glass-effect-no exad-sticky-section-no\" data-id=\"4b878c6\" data-element_type=\"section\">\n\t\t\t\t\t\t<div class=\"elementor-container elementor-column-gap-default\">\n\t\t\t\t\t<div class=\"elementor-column elementor-col-50 elementor-top-column elementor-element elementor-element-a26e81b exad-glass-effect-no exad-sticky-section-no\" data-id=\"a26e81b\" data-element_type=\"column\">\n\t\t\t<div class=\"elementor-widget-wrap elementor-element-populated\">\n\t\t\t\t\t\t<div class=\"elementor-element elementor-element-83f3d5a exad-sticky-section-no exad-glass-effect-no elementor-widget elementor-widget-heading\" data-id=\"83f3d5a\" data-element_type=\"widget\" data-widget_type=\"heading.default\">\n\t\t\t\t<div class=\"elementor-widget-container\">\n\t\t\t<h2 class=\"elementor-heading-title elementor-size-default\">VDY<\/h2>\t\t<\/div>\n\t\t\t\t<\/div>\n\t\t\t\t<div class=\"elementor-element elementor-element-06ea7ee exad-sticky-section-no exad-glass-effect-no elementor-widget elementor-widget-text-editor\" data-id=\"06ea7ee\" data-element_type=\"widget\" data-widget_type=\"text-editor.default\">\n\t\t\t\t<div class=\"elementor-widget-container\">\n\t\t\t\t\t\t\t<p>Viamar Deluxe Yachting (VDY) forma parte del grupo de empresas Nautica Viamar.<br \/>El negocio principal de Nautica Viamar es la reparaci\u00f3n y mantenimiento de yates de hasta 15m.<\/p>\t\t\t\t\t\t<\/div>\n\t\t\t\t<\/div>\n\t\t\t\t\t<\/div>\n\t\t<\/div>\n\t\t\t\t<div class=\"elementor-column elementor-col-50 elementor-top-column elementor-element elementor-element-1cedbb6 exad-glass-effect-no exad-sticky-section-no\" data-id=\"1cedbb6\" data-element_type=\"column\">\n\t\t\t<div class=\"elementor-widget-wrap elementor-element-populated\">\n\t\t\t\t\t\t<div class=\"elementor-element elementor-element-34da2c9 exad-sticky-section-no exad-glass-effect-no elementor-widget elementor-widget-spacer\" data-id=\"34da2c9\" data-element_type=\"widget\" data-widget_type=\"spacer.default\">\n\t\t\t\t<div class=\"elementor-widget-container\">\n\t\t\t\t\t<div class=\"elementor-spacer\">\n\t\t\t<div class=\"elementor-spacer-inner\"><\/div>\n\t\t<\/div>\n\t\t\t\t<\/div>\n\t\t\t\t<\/div>\n\t\t\t\t<div class=\"elementor-element elementor-element-7fce126 exad-sticky-section-no exad-glass-effect-no elementor-widget elementor-widget-text-editor\" data-id=\"7fce126\" data-element_type=\"widget\" data-widget_type=\"text-editor.default\">\n\t\t\t\t<div class=\"elementor-widget-container\">\n\t\t\t\t\t\t\t<p>Nuestros astilleros Supermercado Nautico (SUN) son insuperables en la isla. Los gerentes de operaciones de VDY son los siguientes&#8230;<\/p>\t\t\t\t\t\t<\/div>\n\t\t\t\t<\/div>\n\t\t\t\t\t<\/div>\n\t\t<\/div>\n\t\t\t\t\t<\/div>\n\t\t<\/section>\n\t\t\t\t<section class=\"elementor-section elementor-top-section elementor-element elementor-element-948fa7f elementor-section-height-min-height elementor-section-boxed elementor-section-height-default elementor-section-items-middle exad-glass-effect-no exad-sticky-section-no\" data-id=\"948fa7f\" data-element_type=\"section\" data-settings=\"{&quot;background_background&quot;:&quot;classic&quot;}\">\n\t\t\t\t\t\t<div class=\"elementor-container elementor-column-gap-default\">\n\t\t\t\t\t<div class=\"elementor-column elementor-col-50 elementor-top-column elementor-element elementor-element-7fab6cb exad-glass-effect-no exad-sticky-section-no\" data-id=\"7fab6cb\" data-element_type=\"column\">\n\t\t\t<div class=\"elementor-widget-wrap\">\n\t\t\t\t\t\t\t<\/div>\n\t\t<\/div>\n\t\t\t\t<div class=\"elementor-column elementor-col-50 elementor-top-column elementor-element elementor-element-f1f3533 exad-glass-effect-no exad-sticky-section-no\" data-id=\"f1f3533\" data-element_type=\"column\">\n\t\t\t<div class=\"elementor-widget-wrap elementor-element-populated\">\n\t\t\t\t\t\t<div class=\"elementor-element elementor-element-7355b82 exad-sticky-section-no exad-glass-effect-no elementor-widget elementor-widget-heading\" data-id=\"7355b82\" data-element_type=\"widget\" data-widget_type=\"heading.default\">\n\t\t\t\t<div class=\"elementor-widget-container\">\n\t\t\t<h2 class=\"elementor-heading-title elementor-size-default\">VDY servicios<\/h2>\t\t<\/div>\n\t\t\t\t<\/div>\n\t\t\t\t<div class=\"elementor-element elementor-element-5438dda exad-sticky-section-no exad-glass-effect-no elementor-widget elementor-widget-text-editor\" data-id=\"5438dda\" data-element_type=\"widget\" data-widget_type=\"text-editor.default\">\n\t\t\t\t<div class=\"elementor-widget-container\">\n\t\t\t\t\t\t\t<p>VdY te da la bienvenida a la isla de Ibiza.<\/p><p>Nuestra misi\u00f3n es hacer que su estad\u00eda sea lo m\u00e1s c\u00f3moda y relajada posible. Brindamos soporte completo 24\/7 para cualquiera de sus necesidades de navegaci\u00f3n.<\/p><p>Algunos de nuestros servicios incluyen:<\/p>\t\t\t\t\t\t<\/div>\n\t\t\t\t<\/div>\n\t\t\t\t<div class=\"elementor-element elementor-element-2c5fa58 elementor-position-left elementor-vertical-align-top exad-sticky-section-no exad-glass-effect-no elementor-widget elementor-widget-image-box\" data-id=\"2c5fa58\" data-element_type=\"widget\" data-widget_type=\"image-box.default\">\n\t\t\t\t<div class=\"elementor-widget-container\">\n\t\t\t<div class=\"elementor-image-box-wrapper\"><figure class=\"elementor-image-box-img\"><img fetchpriority=\"high\" decoding=\"async\" width=\"508\" height=\"339\" src=\"https:\/\/vdyibiza.com\/wp-content\/uploads\/2019\/12\/yates-1.png\" class=\"attachment-full size-full wp-image-3407\" alt=\"\" srcset=\"https:\/\/vdyibiza.com\/wp-content\/uploads\/2019\/12\/yates-1.png 508w, https:\/\/vdyibiza.com\/wp-content\/uploads\/2019\/12\/yates-1-300x200.png 300w\" sizes=\"(max-width: 508px) 100vw, 508px\" \/><\/figure><div class=\"elementor-image-box-content\"><h3 class=\"elementor-image-box-title\">Agentes de yates (Agentes consignatarios registrados)<\/h3><\/div><\/div>\t\t<\/div>\n\t\t\t\t<\/div>\n\t\t\t\t<div class=\"elementor-element elementor-element-0c3c5c1 elementor-position-left elementor-vertical-align-top exad-sticky-section-no exad-glass-effect-no elementor-widget elementor-widget-image-box\" data-id=\"0c3c5c1\" data-element_type=\"widget\" data-widget_type=\"image-box.default\">\n\t\t\t\t<div class=\"elementor-widget-container\">\n\t\t\t<div class=\"elementor-image-box-wrapper\"><figure class=\"elementor-image-box-img\"><img decoding=\"async\" width=\"411\" height=\"512\" src=\"https:\/\/vdyibiza.com\/wp-content\/uploads\/2020\/02\/authentic-agent-ico.png\" class=\"attachment-full size-full wp-image-3652\" alt=\"\" srcset=\"https:\/\/vdyibiza.com\/wp-content\/uploads\/2020\/02\/authentic-agent-ico.png 411w, https:\/\/vdyibiza.com\/wp-content\/uploads\/2020\/02\/authentic-agent-ico-241x300.png 241w\" sizes=\"(max-width: 411px) 100vw, 411px\" \/><\/figure><div class=\"elementor-image-box-content\"><h3 class=\"elementor-image-box-title\">Servicios de concierge<\/h3><\/div><\/div>\t\t<\/div>\n\t\t\t\t<\/div>\n\t\t\t\t<div class=\"elementor-element elementor-element-dfd0aa0 elementor-position-left elementor-vertical-align-top exad-sticky-section-no exad-glass-effect-no elementor-widget elementor-widget-image-box\" data-id=\"dfd0aa0\" data-element_type=\"widget\" data-widget_type=\"image-box.default\">\n\t\t\t\t<div class=\"elementor-widget-container\">\n\t\t\t<div class=\"elementor-image-box-wrapper\"><figure class=\"elementor-image-box-img\"><img decoding=\"async\" width=\"500\" height=\"500\" src=\"https:\/\/vdyibiza.com\/wp-content\/uploads\/2019\/12\/reserva.png\" class=\"attachment-full size-full wp-image-3403\" alt=\"\" srcset=\"https:\/\/vdyibiza.com\/wp-content\/uploads\/2019\/12\/reserva.png 500w, https:\/\/vdyibiza.com\/wp-content\/uploads\/2019\/12\/reserva-300x300.png 300w, https:\/\/vdyibiza.com\/wp-content\/uploads\/2019\/12\/reserva-150x150.png 150w, https:\/\/vdyibiza.com\/wp-content\/uploads\/2019\/12\/reserva-400x400.png 400w, https:\/\/vdyibiza.com\/wp-content\/uploads\/2019\/12\/reserva-100x100.png 100w\" sizes=\"(max-width: 500px) 100vw, 500px\" \/><\/figure><div class=\"elementor-image-box-content\"><h3 class=\"elementor-image-box-title\">Reserva de amarres y servicios de muelle<\/h3><\/div><\/div>\t\t<\/div>\n\t\t\t\t<\/div>\n\t\t\t\t<div class=\"elementor-element elementor-element-ac26efd elementor-position-left elementor-vertical-align-top exad-sticky-section-no exad-glass-effect-no elementor-widget elementor-widget-image-box\" data-id=\"ac26efd\" data-element_type=\"widget\" data-widget_type=\"image-box.default\">\n\t\t\t\t<div class=\"elementor-widget-container\">\n\t\t\t<div class=\"elementor-image-box-wrapper\"><figure class=\"elementor-image-box-img\"><img loading=\"lazy\" decoding=\"async\" width=\"508\" height=\"360\" src=\"https:\/\/vdyibiza.com\/wp-content\/uploads\/2020\/02\/tranport-ico.png\" class=\"attachment-full size-full wp-image-3655\" alt=\"\" srcset=\"https:\/\/vdyibiza.com\/wp-content\/uploads\/2020\/02\/tranport-ico.png 508w, https:\/\/vdyibiza.com\/wp-content\/uploads\/2020\/02\/tranport-ico-300x213.png 300w\" sizes=\"(max-width: 508px) 100vw, 508px\" \/><\/figure><div class=\"elementor-image-box-content\"><h3 class=\"elementor-image-box-title\">Alquiler de jet privado \/ coche \/ furgoneta \/ moto \/ bicicleta<\/h3><\/div><\/div>\t\t<\/div>\n\t\t\t\t<\/div>\n\t\t\t\t<div class=\"elementor-element elementor-element-128885a elementor-position-left elementor-vertical-align-top exad-sticky-section-no exad-glass-effect-no elementor-widget elementor-widget-image-box\" data-id=\"128885a\" data-element_type=\"widget\" data-widget_type=\"image-box.default\">\n\t\t\t\t<div class=\"elementor-widget-container\">\n\t\t\t<div class=\"elementor-image-box-wrapper\"><figure class=\"elementor-image-box-img\"><img loading=\"lazy\" decoding=\"async\" width=\"500\" height=\"500\" src=\"https:\/\/vdyibiza.com\/wp-content\/uploads\/2019\/12\/plan.png\" class=\"attachment-full size-full wp-image-3404\" alt=\"\" srcset=\"https:\/\/vdyibiza.com\/wp-content\/uploads\/2019\/12\/plan.png 500w, https:\/\/vdyibiza.com\/wp-content\/uploads\/2019\/12\/plan-300x300.png 300w, https:\/\/vdyibiza.com\/wp-content\/uploads\/2019\/12\/plan-150x150.png 150w, https:\/\/vdyibiza.com\/wp-content\/uploads\/2019\/12\/plan-400x400.png 400w, https:\/\/vdyibiza.com\/wp-content\/uploads\/2019\/12\/plan-100x100.png 100w\" sizes=\"(max-width: 500px) 100vw, 500px\" \/><\/figure><div class=\"elementor-image-box-content\"><h3 class=\"elementor-image-box-title\">Planificaci\u00f3n de itinerarios de yates<\/h3><\/div><\/div>\t\t<\/div>\n\t\t\t\t<\/div>\n\t\t\t\t<div class=\"elementor-element elementor-element-60b0e2a elementor-position-left elementor-vertical-align-top exad-sticky-section-no exad-glass-effect-no elementor-widget elementor-widget-image-box\" data-id=\"60b0e2a\" data-element_type=\"widget\" data-widget_type=\"image-box.default\">\n\t\t\t\t<div class=\"elementor-widget-container\">\n\t\t\t<div class=\"elementor-image-box-wrapper\"><figure class=\"elementor-image-box-img\"><img loading=\"lazy\" decoding=\"async\" width=\"504\" height=\"504\" src=\"https:\/\/vdyibiza.com\/wp-content\/uploads\/2020\/02\/bank.png\" class=\"attachment-full size-full wp-image-3654\" alt=\"\" srcset=\"https:\/\/vdyibiza.com\/wp-content\/uploads\/2020\/02\/bank.png 504w, https:\/\/vdyibiza.com\/wp-content\/uploads\/2020\/02\/bank-300x300.png 300w, https:\/\/vdyibiza.com\/wp-content\/uploads\/2020\/02\/bank-150x150.png 150w, https:\/\/vdyibiza.com\/wp-content\/uploads\/2020\/02\/bank-400x400.png 400w, https:\/\/vdyibiza.com\/wp-content\/uploads\/2020\/02\/bank-100x100.png 100w\" sizes=\"(max-width: 504px) 100vw, 504px\" \/><\/figure><div class=\"elementor-image-box-content\"><h3 class=\"elementor-image-box-title\">Servicio bancario y Cash to Master<\/h3><\/div><\/div>\t\t<\/div>\n\t\t\t\t<\/div>\n\t\t\t\t<div class=\"elementor-element elementor-element-8f0c5f7 elementor-position-left elementor-vertical-align-top exad-sticky-section-no exad-glass-effect-no elementor-widget elementor-widget-image-box\" data-id=\"8f0c5f7\" data-element_type=\"widget\" data-widget_type=\"image-box.default\">\n\t\t\t\t<div class=\"elementor-widget-container\">\n\t\t\t<div class=\"elementor-image-box-wrapper\"><figure class=\"elementor-image-box-img\"><img loading=\"lazy\" decoding=\"async\" width=\"420\" height=\"420\" src=\"https:\/\/vdyibiza.com\/wp-content\/uploads\/2020\/02\/medical.png\" class=\"attachment-full size-full wp-image-3664\" alt=\"\" srcset=\"https:\/\/vdyibiza.com\/wp-content\/uploads\/2020\/02\/medical.png 420w, https:\/\/vdyibiza.com\/wp-content\/uploads\/2020\/02\/medical-300x300.png 300w, https:\/\/vdyibiza.com\/wp-content\/uploads\/2020\/02\/medical-150x150.png 150w, https:\/\/vdyibiza.com\/wp-content\/uploads\/2020\/02\/medical-400x400.png 400w, https:\/\/vdyibiza.com\/wp-content\/uploads\/2020\/02\/medical-100x100.png 100w\" sizes=\"(max-width: 420px) 100vw, 420px\" \/><\/figure><div class=\"elementor-image-box-content\"><h3 class=\"elementor-image-box-title\">Y m\u00e1s<\/h3><\/div><\/div>\t\t<\/div>\n\t\t\t\t<\/div>\n\t\t\t\t\t<\/div>\n\t\t<\/div>\n\t\t\t\t\t<\/div>\n\t\t<\/section>\n\t\t\t\t<section class=\"elementor-section elementor-top-section elementor-element elementor-element-31143933 elementor-section-full_width elementor-section-height-default elementor-section-height-default exad-glass-effect-no exad-sticky-section-no\" data-id=\"31143933\" data-element_type=\"section\">\n\t\t\t\t\t\t<div class=\"elementor-container elementor-column-gap-default\">\n\t\t\t\t\t<div class=\"elementor-column elementor-col-100 elementor-top-column elementor-element elementor-element-2845961b exad-glass-effect-no exad-sticky-section-no\" data-id=\"2845961b\" data-element_type=\"column\">\n\t\t\t<div class=\"elementor-widget-wrap elementor-element-populated\">\n\t\t\t\t\t\t<section class=\"elementor-section elementor-inner-section elementor-element elementor-element-624c0216 elementor-section-boxed elementor-section-height-default elementor-section-height-default exad-glass-effect-no exad-sticky-section-no\" data-id=\"624c0216\" data-element_type=\"section\">\n\t\t\t\t\t\t<div class=\"elementor-container elementor-column-gap-default\">\n\t\t\t\t\t<div class=\"elementor-column elementor-col-100 elementor-inner-column elementor-element elementor-element-66eb7d3d exad-glass-effect-no exad-sticky-section-no\" data-id=\"66eb7d3d\" data-element_type=\"column\">\n\t\t\t<div class=\"elementor-widget-wrap elementor-element-populated\">\n\t\t\t\t\t\t<div class=\"elementor-element elementor-element-3e22594f exad-sticky-section-no exad-glass-effect-no elementor-widget elementor-widget-heading\" data-id=\"3e22594f\" data-element_type=\"widget\" data-widget_type=\"heading.default\">\n\t\t\t\t<div class=\"elementor-widget-container\">\n\t\t\t<h2 class=\"elementor-heading-title elementor-size-default\">Nuestro Equipo\n<\/h2>\t\t<\/div>\n\t\t\t\t<\/div>\n\t\t\t\t<div class=\"elementor-element elementor-element-6fb0607f exad-sticky-section-no exad-glass-effect-no elementor-widget elementor-widget-text-editor\" data-id=\"6fb0607f\" data-element_type=\"widget\" data-widget_type=\"text-editor.default\">\n\t\t\t\t<div class=\"elementor-widget-container\">\n\t\t\t\t\t\t\t<p style=\"text-align: center;\">Viamar Deluxe Yachting (VDY) forma parte del grupo de empresas Nautica Viamar.\nEl negocio principal de Nautica Viamar es la reparaci\u00f3n y mantenimiento de yates de hasta 15m. Nuestros astilleros y supermercado nautico (SUN) son insuperables en la isla. Los gerentes de operaciones de VDY son los siguientes:\n<\/p>\t\t\t\t\t\t<\/div>\n\t\t\t\t<\/div>\n\t\t\t\t\t<\/div>\n\t\t<\/div>\n\t\t\t\t\t<\/div>\n\t\t<\/section>\n\t\t\t\t<section class=\"elementor-section elementor-inner-section elementor-element elementor-element-675a546a elementor-section-boxed elementor-section-height-default elementor-section-height-default exad-glass-effect-no exad-sticky-section-no\" data-id=\"675a546a\" data-element_type=\"section\">\n\t\t\t\t\t\t<div class=\"elementor-container elementor-column-gap-wide\">\n\t\t\t\t\t<div class=\"elementor-column elementor-col-50 elementor-inner-column elementor-element elementor-element-5f352fc exad-glass-effect-no exad-sticky-section-no\" data-id=\"5f352fc\" data-element_type=\"column\">\n\t\t\t<div class=\"elementor-widget-wrap elementor-element-populated\">\n\t\t\t\t\t\t<div class=\"elementor-element elementor-element-645897d exad-sticky-section-no exad-glass-effect-no elementor-widget elementor-widget-exad-team-member\" data-id=\"645897d\" data-element_type=\"widget\" data-widget_type=\"exad-team-member.default\">\n\t\t\t\t<div class=\"elementor-widget-container\">\n\t\t\t\r\n\t\t<div class=\"exad-team-item\">\r\n\t\t\t<div class=\"exad-team-member exad-center exad-position-top\">\r\n\t\t\t\t\t\t\t\t\t\t\t\t\t\t<div class=\"exad-team-member-thumb\">\r\n\t\t\t\t\t\t\t<img loading=\"lazy\" decoding=\"async\" width=\"626\" height=\"818\" src=\"https:\/\/vdyibiza.com\/wp-content\/uploads\/2020\/02\/Matthew-.jpg\" class=\"attachment-medium_large size-medium_large wp-image-3636\" alt=\"\" srcset=\"https:\/\/vdyibiza.com\/wp-content\/uploads\/2020\/02\/Matthew-.jpg 626w, https:\/\/vdyibiza.com\/wp-content\/uploads\/2020\/02\/Matthew--230x300.jpg 230w\" sizes=\"(max-width: 626px) 100vw, 626px\" \/>\t\t\t\t\t\t<\/div>\r\n\t\t\t\t\t\r\n\t\t\t\t<div class=\"exad-team-member-content\">\r\n\t\t\t\t\t\t\t\t\t\t\t\t\t\t\t\t<h3 class=\"exad-team-member-name\">\r\n\t\t\t\t\t\t\tMatthew Sainz\t\t\t\t\t\t<\/h3>\r\n\t\t\t\t\t\r\n\t\t\t\t\t\t\t\t\t\t\t<span class=\"exad-team-member-designation\">\r\n\t\t\t\t\t\tYachting Operations Manager\t\t\t\t\t\t<\/span>\r\n\t\t\t\t\t\r\n\t\t\t\t\t\t\t\t\t\t\t\t\t\t\t\t<div class=\"exad-team-member-about\">\r\n\t\t\t\t\t\t<b>languages spoken:<\/b> en, it, es, fr <br>\n\n- Berth Reservations<br>\n- Yacht Formalities<br>\n- Yacht Chandlery<br>\n- Itineraries <br>\n\n- <b>Phone:<\/b>+39 3382224243 <br>\n<a class=\"link_footer\" href=\"mailto:matthew@vdyibiza.com\"><b>- Email:<\/b> matthew@VdYibiza.com<\/a>\t\t\t\t\t\t<\/div>\r\n\t\t\t\t\t\t\t\t\t\t\r\n\t\t\t\t\t\r\n\t\t\t\t<\/div>\r\n\t\t\t\t\t\r\n\t\t\t<\/div>\r\n\t\t<\/div>\t\r\n\t\t\t\t<\/div>\n\t\t\t\t<\/div>\n\t\t\t\t\t<\/div>\n\t\t<\/div>\n\t\t\t\t<div class=\"elementor-column elementor-col-50 elementor-inner-column elementor-element elementor-element-6511aa4 exad-glass-effect-no exad-sticky-section-no\" data-id=\"6511aa4\" data-element_type=\"column\">\n\t\t\t<div class=\"elementor-widget-wrap elementor-element-populated\">\n\t\t\t\t\t\t<div class=\"elementor-element elementor-element-ec01bbf exad-sticky-section-no exad-glass-effect-no elementor-widget elementor-widget-exad-team-member\" data-id=\"ec01bbf\" data-element_type=\"widget\" data-widget_type=\"exad-team-member.default\">\n\t\t\t\t<div class=\"elementor-widget-container\">\n\t\t\t\r\n\t\t<div class=\"exad-team-item\">\r\n\t\t\t<div class=\"exad-team-member exad-center exad-position-top\">\r\n\t\t\t\t\t\t\t\t\t\t\t\t\t\t<div class=\"exad-team-member-thumb\">\r\n\t\t\t\t\t\t\t<img loading=\"lazy\" decoding=\"async\" width=\"626\" height=\"818\" src=\"https:\/\/vdyibiza.com\/wp-content\/uploads\/2020\/03\/David.jpg\" class=\"attachment-medium_large size-medium_large wp-image-4105\" alt=\"contact David for a customized and carefree yacht renting experience in Ibiza\" srcset=\"https:\/\/vdyibiza.com\/wp-content\/uploads\/2020\/03\/David.jpg 626w, https:\/\/vdyibiza.com\/wp-content\/uploads\/2020\/03\/David-230x300.jpg 230w\" sizes=\"(max-width: 626px) 100vw, 626px\" \/>\t\t\t\t\t\t<\/div>\r\n\t\t\t\t\t\r\n\t\t\t\t<div class=\"exad-team-member-content\">\r\n\t\t\t\t\t\t\t\t\t\t\t\t\t\t\t\t<h3 class=\"exad-team-member-name\">\r\n\t\t\t\t\t\t\tDavid Escandell\t\t\t\t\t\t<\/h3>\r\n\t\t\t\t\t\r\n\t\t\t\t\t\t\t\t\t\t\t<span class=\"exad-team-member-designation\">\r\n\t\t\t\t\t\tManager Director\t\t\t\t\t\t<\/span>\r\n\t\t\t\t\t\r\n\t\t\t\t\t\t\t\t\t\t\t\t\t\t\t\t<div class=\"exad-team-member-about\">\r\n\t\t\t\t\t\t<b>languages spoken:<\/b> es, en, cat <br>\n\n- Berth Reservations<br>\n- Yacht Formalities<br>\n- Yacht Chandlery<br>\n- Itineraries <br>\n- <b>Phone:<\/b>+34 608332521<br>\n<a class=\"link_footer\" href=\"mailto:david@vdyibiza.com\"><b>- Email:<\/b> david@VdYibiza.com<\/a>\n\t\t\t\t\t\t<\/div>\r\n\t\t\t\t\t\t\t\t\t\t\r\n\t\t\t\t\t\r\n\t\t\t\t<\/div>\r\n\t\t\t\t\t\r\n\t\t\t<\/div>\r\n\t\t<\/div>\t\r\n\t\t\t\t<\/div>\n\t\t\t\t<\/div>\n\t\t\t\t\t<\/div>\n\t\t<\/div>\n\t\t\t\t\t<\/div>\n\t\t<\/section>\n\t\t\t\t\t<\/div>\n\t\t<\/div>\n\t\t\t\t\t<\/div>\n\t\t<\/section>\n\t\t\t\t<\/div>\n\t\t","protected":false},"excerpt":{"rendered":"<p>VDY Viamar Deluxe Yachting (VDY) forma parte del grupo de empresas Nautica Viamar.El negocio principal de Nautica Viamar es la reparaci\u00f3n y mantenimiento de yates &#8230; <a title=\"Sobre nosotros\" class=\"read-more\" href=\"https:\/\/vdyibiza.com\/es\/sobre-nosotros\/\">Read more<\/a><\/p>\n","protected":false},"author":5,"featured_media":0,"parent":0,"menu_order":0,"comment_status":"closed","ping_status":"closed","template":"elementor_header_footer","meta":{"_monsterinsights_skip_tracking":false,"_monsterinsights_sitenote_active":false,"_monsterinsights_sitenote_note":"","_monsterinsights_sitenote_category":0,"footnotes":""},"class_list":["post-4254","page","type-page","status-publish"],"yoast_head":"<!-- This site is optimized with the Yoast SEO plugin v23.9 - https:\/\/yoast.com\/wordpress\/plugins\/seo\/ -->\n<title>Sobre nosotros - VDY Ibiza<\/title>\n<meta name=\"robots\" content=\"index, follow, max-snippet:-1, max-image-preview:large, max-video-preview:-1\" \/>\n<link rel=\"canonical\" href=\"https:\/\/vdyibiza.com\/es\/sobre-nosotros\/\" \/>\n<meta property=\"og:locale\" content=\"es_ES\" \/>\n<meta property=\"og:type\" content=\"article\" \/>\n<meta property=\"og:title\" content=\"Sobre nosotros - VDY Ibiza\" \/>\n<meta property=\"og:description\" content=\"VDY Viamar Deluxe Yachting (VDY) forma parte del grupo de empresas Nautica Viamar.El negocio principal de Nautica Viamar es la reparaci\u00f3n y mantenimiento de yates ... Read more\" \/>\n<meta property=\"og:url\" content=\"https:\/\/vdyibiza.com\/es\/sobre-nosotros\/\" \/>\n<meta property=\"og:site_name\" content=\"VDY Ibiza\" \/>\n<meta property=\"article:publisher\" content=\"https:\/\/www.facebook.com\/VDYIbiza\" \/>\n<meta property=\"article:modified_time\" content=\"2020-06-11T15:50:24+00:00\" \/>\n<meta property=\"og:image\" content=\"https:\/\/vdyibiza.com\/wp-content\/uploads\/2019\/12\/yates-1.png\" \/>\n<meta name=\"twitter:card\" content=\"summary_large_image\" \/>\n<meta name=\"twitter:label1\" content=\"Tiempo de lectura\" \/>\n\t<meta name=\"twitter:data1\" content=\"1 minuto\" \/>\n<!-- \/ Yoast SEO plugin. -->","yoast_head_json":{"title":"Sobre nosotros - VDY Ibiza","robots":{"index":"index","follow":"follow","max-snippet":"max-snippet:-1","max-image-preview":"max-image-preview:large","max-video-preview":"max-video-preview:-1"},"canonical":"https:\/\/vdyibiza.com\/es\/sobre-nosotros\/","og_locale":"es_ES","og_type":"article","og_title":"Sobre nosotros - VDY Ibiza","og_description":"VDY Viamar Deluxe Yachting (VDY) forma parte del grupo de empresas Nautica Viamar.El negocio principal de Nautica Viamar es la reparaci\u00f3n y mantenimiento de yates ... Read more","og_url":"https:\/\/vdyibiza.com\/es\/sobre-nosotros\/","og_site_name":"VDY Ibiza","article_publisher":"https:\/\/www.facebook.com\/VDYIbiza","article_modified_time":"2020-06-11T15:50:24+00:00","og_image":[{"url":"https:\/\/vdyibiza.com\/wp-content\/uploads\/2019\/12\/yates-1.png"}],"twitter_card":"summary_large_image","twitter_misc":{"Tiempo de lectura":"1 minuto"},"schema":{"@context":"https:\/\/schema.org","@graph":[]}},"_links":{"self":[{"href":"https:\/\/vdyibiza.com\/es\/wp-json\/wp\/v2\/pages\/4254","targetHints":{"allow":["GET"]}}],"collection":[{"href":"https:\/\/vdyibiza.com\/es\/wp-json\/wp\/v2\/pages"}],"about":[{"href":"https:\/\/vdyibiza.com\/es\/wp-json\/wp\/v2\/types\/page"}],"author":[{"embeddable":true,"href":"https:\/\/vdyibiza.com\/es\/wp-json\/wp\/v2\/users\/5"}],"replies":[{"embeddable":true,"href":"https:\/\/vdyibiza.com\/es\/wp-json\/wp\/v2\/comments?post=4254"}],"version-history":[{"count":4,"href":"https:\/\/vdyibiza.com\/es\/wp-json\/wp\/v2\/pages\/4254\/revisions"}],"predecessor-version":[{"id":4351,"href":"https:\/\/vdyibiza.com\/es\/wp-json\/wp\/v2\/pages\/4254\/revisions\/4351"}],"wp:attachment":[{"href":"https:\/\/vdyibiza.com\/es\/wp-json\/wp\/v2\/media?parent=4254"}],"curies":[{"name":"wp","href":"https:\/\/api.w.org\/{rel}","templated":true}]}}