{"id":4291,"date":"2020-06-11T09:42:56","date_gmt":"2020-06-11T08:42:56","guid":{"rendered":"https:\/\/vdyibiza.com\/?page_id=4291"},"modified":"2021-03-22T21:07:29","modified_gmt":"2021-03-22T20:07:29","slug":"beneteau-flyer-25-7-7-sundeck","status":"publish","type":"page","link":"https:\/\/vdyibiza.com\/es\/beneteau-flyer-25-7-7-sundeck\/","title":{"rendered":"Beneteau Flyer 25 7.7 sundeck"},"content":{"rendered":"\t\t<div data-elementor-type=\"wp-page\" data-elementor-id=\"4291\" class=\"elementor elementor-4291 elementor-3958\" data-elementor-post-type=\"page\">\n\t\t\t\t\t\t<section class=\"elementor-section elementor-top-section elementor-element elementor-element-426ff6a elementor-section-height-min-height elementor-section-boxed elementor-section-height-default elementor-section-items-middle exad-glass-effect-no exad-sticky-section-no\" data-id=\"426ff6a\" data-element_type=\"section\" data-settings=\"{&quot;background_background&quot;:&quot;classic&quot;}\">\n\t\t\t\t\t\t<div class=\"elementor-container elementor-column-gap-default\">\n\t\t\t\t\t<div class=\"elementor-column elementor-col-100 elementor-top-column elementor-element elementor-element-a391f70 exad-glass-effect-no exad-sticky-section-no\" data-id=\"a391f70\" data-element_type=\"column\">\n\t\t\t<div class=\"elementor-widget-wrap elementor-element-populated\">\n\t\t\t\t\t\t<div class=\"elementor-element elementor-element-846e9ac exad-sticky-section-no exad-glass-effect-no elementor-widget elementor-widget-heading\" data-id=\"846e9ac\" data-element_type=\"widget\" data-widget_type=\"heading.default\">\n\t\t\t\t<div class=\"elementor-widget-container\">\n\t\t\t<h1 class=\"elementor-heading-title elementor-size-default\">Beneteau Flyer 25 7.7 sundeck<\/h1>\t\t<\/div>\n\t\t\t\t<\/div>\n\t\t\t\t\t<\/div>\n\t\t<\/div>\n\t\t\t\t\t<\/div>\n\t\t<\/section>\n\t\t\t\t<section class=\"elementor-section elementor-top-section elementor-element elementor-element-363e3f9 elementor-section-boxed elementor-section-height-default elementor-section-height-default exad-glass-effect-no exad-sticky-section-no\" data-id=\"363e3f9\" data-element_type=\"section\">\n\t\t\t\t\t\t<div class=\"elementor-container elementor-column-gap-default\">\n\t\t\t\t\t<div class=\"elementor-column elementor-col-100 elementor-top-column elementor-element elementor-element-0a10679 exad-glass-effect-no exad-sticky-section-no\" data-id=\"0a10679\" data-element_type=\"column\">\n\t\t\t<div class=\"elementor-widget-wrap elementor-element-populated\">\n\t\t\t\t\t\t<div class=\"elementor-element elementor-element-f2af8b9 exad-sticky-section-no exad-glass-effect-no elementor-widget elementor-widget-text-editor\" data-id=\"f2af8b9\" data-element_type=\"widget\" data-widget_type=\"text-editor.default\">\n\t\t\t\t<div class=\"elementor-widget-container\">\n\t\t\t\t\t\t\t<h2 style=\"color: #00326f;\">Beneteau Flyer 7.7<\/h2><p>Cuando se trata de elegir el barco para ese d\u00eda tan esperado, es necesario hacerlo sobre seguro. El alquilar lancha Beneteau Flyer 7 7 en Ibiza es sin duda garant\u00eda de \u00e9xito. Un barco nuevo, del 2018, con un dise\u00f1o moderno e incre\u00edblemente funcional. Est\u00e1 pensado para aprovechar todos y cada uno de los detalles. Sus dimensiones son perfectas para salidas de day charter a Formentera. Adem\u00e1s el comportamiento de la serie Flyer de Beneteau es realmente espectacular en navegaci\u00f3n, evitando inc\u00f3modos pantocazos y salpicaduras de agua.<\/p><p>Est\u00e1 propulsado por la fiabilidad de un motor nuevo Suzuki de 300cv 4tiempos, potente y de consumo muy ajustado. El complemento perfecto para un barco al que es dif\u00edcil encontrarle ni un solo \u201cpero\u201d.<\/p><p>Beneteau\u00a0 demuestra una vez m\u00e1s que sabe hacer buenos barcos, un paso por delante de la competencia en dise\u00f1o y navegaci\u00f3n.<\/p><p>El dise\u00f1o de toda la gama Flyer ha sido llevada a cabo por la prestigiosa firma de dise\u00f1adores Style&amp;Design de Francia. Aqu\u00ed pod\u00e9is ver su web, y descubrir porqu\u00e9 la serie Flyer es tan arrebatadora.<\/p><p>Es una barco genial para un day charter en Ibiza o Formentera, disfrutando de su est\u00e9tica exclusiva.<\/p><p>La amplitud es uno de sus puntos fuertes, gracias a su configuraci\u00f3n nada recargada que deja m\u00e1s espacio \u00fatil para sus hasta 10 ocupantes.<\/p><p>Tiene un gran solarium a proa y otro desplegable a popa. La superficie de solarium es mayor que la de la mayor\u00eda de sus competidores, y esto se nota al navegar con la m\u00e1xima capacidad de pasajeros.<\/p><p>!TODO EL MUNDO QUIERE ESTAR TUMBADO DISFRUTANDO DEL SOL DESPU\u00c9S DE UN REFRESCANTE BA\u00d1O EN FORMENTERA!<\/p><p>AL ALQUILAR LANCHA BENETEAU FLYER 7 7 EN IBIZA ESO YA NO SER\u00c1 M\u00c1S UN PROBLEMA.<\/p><p>Adem\u00e1s cuenta con una amplia cabina, que permite la pernocta con comodidad. Tambi\u00e9n es muy \u00fatil para guardar alejados de salpicaduras y del sol tus pertenencias m\u00e1s delicadas.<\/p><p>A popa tenemos c\u00f3modo acceso al mar gracias a la escalera de ba\u00f1o.<\/p><p>El equipo de m\u00fasica con conexi\u00f3n bluetooth, te har\u00e1 disfrutar del charter en Ibiza con tu m\u00fasica preferida.<\/p><p>Su mesa desmontable a popa es perfecta para un picnic fondeados.<\/p><p>Con el alquiler te incluimos un pack de refrescos, agua, cerveza y hielo de cortes\u00eda. \u00a1Para que disfrutes a nuestra salud!<\/p><p>Alquilar lancha Beneteau Flyer 7 7 en Ibiza es sin\u00f3nimo de disfrutar de los maravillosos rincones de Ibiza y Formentera, y si es en buena compa\u00f1\u00eda, mejor que mejor.<\/p>\t\t\t\t\t\t<\/div>\n\t\t\t\t<\/div>\n\t\t\t\t\t<\/div>\n\t\t<\/div>\n\t\t\t\t\t<\/div>\n\t\t<\/section>\n\t\t\t\t<section class=\"elementor-section elementor-top-section elementor-element elementor-element-bea9765 elementor-section-boxed elementor-section-height-default elementor-section-height-default exad-glass-effect-no exad-sticky-section-no\" data-id=\"bea9765\" data-element_type=\"section\" data-settings=\"{&quot;background_background&quot;:&quot;classic&quot;}\">\n\t\t\t\t\t\t<div class=\"elementor-container elementor-column-gap-default\">\n\t\t\t\t\t<div class=\"elementor-column elementor-col-100 elementor-top-column elementor-element elementor-element-631fbc6 exad-glass-effect-no exad-sticky-section-no\" data-id=\"631fbc6\" data-element_type=\"column\">\n\t\t\t<div class=\"elementor-widget-wrap elementor-element-populated\">\n\t\t\t\t\t\t<div class=\"elementor-element elementor-element-afcb91b exad-sticky-section-no exad-glass-effect-no elementor-widget elementor-widget-gallery\" data-id=\"afcb91b\" data-element_type=\"widget\" data-settings=\"{&quot;columns&quot;:6,&quot;columns_tablet&quot;:3,&quot;columns_mobile&quot;:3,&quot;lazyload&quot;:&quot;yes&quot;,&quot;gallery_layout&quot;:&quot;grid&quot;,&quot;gap&quot;:{&quot;unit&quot;:&quot;px&quot;,&quot;size&quot;:10,&quot;sizes&quot;:[]},&quot;gap_tablet&quot;:{&quot;unit&quot;:&quot;px&quot;,&quot;size&quot;:10,&quot;sizes&quot;:[]},&quot;gap_mobile&quot;:{&quot;unit&quot;:&quot;px&quot;,&quot;size&quot;:10,&quot;sizes&quot;:[]},&quot;link_to&quot;:&quot;file&quot;,&quot;aspect_ratio&quot;:&quot;3:2&quot;,&quot;overlay_background&quot;:&quot;yes&quot;,&quot;content_hover_animation&quot;:&quot;fade-in&quot;}\" data-widget_type=\"gallery.default\">\n\t\t\t\t<div class=\"elementor-widget-container\">\n\t\t\t\t\t<div class=\"elementor-gallery__container\">\n\t\t\t\t\t\t\t<a class=\"e-gallery-item elementor-gallery-item elementor-animated-content\" href=\"https:\/\/vdyibiza.com\/wp-content\/uploads\/2020\/03\/Beneteau-Flyer-7.7-Sundeck-1-1.jpg\" data-elementor-open-lightbox=\"yes\" data-elementor-lightbox-slideshow=\"afcb91b\" data-elementor-lightbox-title=\"Beneteau Flyer 7.7 Sundeck-1\" data-e-action-hash=\"#elementor-action%3Aaction%3Dlightbox%26settings%3DeyJpZCI6Mzk2MSwidXJsIjoiaHR0cHM6XC9cL3ZkeWliaXphLmNvbVwvd3AtY29udGVudFwvdXBsb2Fkc1wvMjAyMFwvMDNcL0JlbmV0ZWF1LUZseWVyLTcuNy1TdW5kZWNrLTEtMS5qcGciLCJzbGlkZXNob3ciOiJhZmNiOTFiIn0%3D\">\n\t\t\t\t\t<div class=\"e-gallery-image elementor-gallery-item__image\" data-thumbnail=\"https:\/\/vdyibiza.com\/wp-content\/uploads\/2020\/03\/Beneteau-Flyer-7.7-Sundeck-1-1-300x200.jpg\" data-width=\"300\" data-height=\"200\" aria-label=\"\" role=\"img\" ><\/div>\n\t\t\t\t\t\t\t\t\t\t\t<div class=\"elementor-gallery-item__overlay\"><\/div>\n\t\t\t\t\t\t\t\t\t\t\t\t\t\t<\/a>\n\t\t\t\t\t\t\t<a class=\"e-gallery-item elementor-gallery-item elementor-animated-content\" href=\"https:\/\/vdyibiza.com\/wp-content\/uploads\/2020\/03\/Beneteau-Flyer-7.7-Sundeck-2.jpg\" data-elementor-open-lightbox=\"yes\" data-elementor-lightbox-slideshow=\"afcb91b\" data-elementor-lightbox-title=\"Beneteau Flyer 7.7 Sundeck-2\" data-e-action-hash=\"#elementor-action%3Aaction%3Dlightbox%26settings%3DeyJpZCI6Mzk2MiwidXJsIjoiaHR0cHM6XC9cL3ZkeWliaXphLmNvbVwvd3AtY29udGVudFwvdXBsb2Fkc1wvMjAyMFwvMDNcL0JlbmV0ZWF1LUZseWVyLTcuNy1TdW5kZWNrLTIuanBnIiwic2xpZGVzaG93IjoiYWZjYjkxYiJ9\">\n\t\t\t\t\t<div class=\"e-gallery-image elementor-gallery-item__image\" data-thumbnail=\"https:\/\/vdyibiza.com\/wp-content\/uploads\/2020\/03\/Beneteau-Flyer-7.7-Sundeck-2-300x194.jpg\" data-width=\"300\" data-height=\"194\" aria-label=\"\" role=\"img\" ><\/div>\n\t\t\t\t\t\t\t\t\t\t\t<div class=\"elementor-gallery-item__overlay\"><\/div>\n\t\t\t\t\t\t\t\t\t\t\t\t\t\t<\/a>\n\t\t\t\t\t\t\t<a class=\"e-gallery-item elementor-gallery-item elementor-animated-content\" href=\"https:\/\/vdyibiza.com\/wp-content\/uploads\/2020\/03\/Beneteau-Flyer-7.7-Sundeck-3.jpg\" data-elementor-open-lightbox=\"yes\" data-elementor-lightbox-slideshow=\"afcb91b\" data-elementor-lightbox-title=\"Beneteau Flyer 7.7 Sundeck-3\" data-e-action-hash=\"#elementor-action%3Aaction%3Dlightbox%26settings%3DeyJpZCI6Mzk2MywidXJsIjoiaHR0cHM6XC9cL3ZkeWliaXphLmNvbVwvd3AtY29udGVudFwvdXBsb2Fkc1wvMjAyMFwvMDNcL0JlbmV0ZWF1LUZseWVyLTcuNy1TdW5kZWNrLTMuanBnIiwic2xpZGVzaG93IjoiYWZjYjkxYiJ9\">\n\t\t\t\t\t<div class=\"e-gallery-image elementor-gallery-item__image\" data-thumbnail=\"https:\/\/vdyibiza.com\/wp-content\/uploads\/2020\/03\/Beneteau-Flyer-7.7-Sundeck-3-300x200.jpg\" data-width=\"300\" data-height=\"200\" aria-label=\"\" role=\"img\" ><\/div>\n\t\t\t\t\t\t\t\t\t\t\t<div class=\"elementor-gallery-item__overlay\"><\/div>\n\t\t\t\t\t\t\t\t\t\t\t\t\t\t<\/a>\n\t\t\t\t\t\t\t<a class=\"e-gallery-item elementor-gallery-item elementor-animated-content\" href=\"https:\/\/vdyibiza.com\/wp-content\/uploads\/2020\/03\/Beneteau-Flyer-7.7-Sundeck-4.jpg\" data-elementor-open-lightbox=\"yes\" data-elementor-lightbox-slideshow=\"afcb91b\" data-elementor-lightbox-title=\"Beneteau Flyer 7.7 Sundeck-4\" data-e-action-hash=\"#elementor-action%3Aaction%3Dlightbox%26settings%3DeyJpZCI6Mzk2NCwidXJsIjoiaHR0cHM6XC9cL3ZkeWliaXphLmNvbVwvd3AtY29udGVudFwvdXBsb2Fkc1wvMjAyMFwvMDNcL0JlbmV0ZWF1LUZseWVyLTcuNy1TdW5kZWNrLTQuanBnIiwic2xpZGVzaG93IjoiYWZjYjkxYiJ9\">\n\t\t\t\t\t<div class=\"e-gallery-image elementor-gallery-item__image\" data-thumbnail=\"https:\/\/vdyibiza.com\/wp-content\/uploads\/2020\/03\/Beneteau-Flyer-7.7-Sundeck-4-300x200.jpg\" data-width=\"300\" data-height=\"200\" aria-label=\"\" role=\"img\" ><\/div>\n\t\t\t\t\t\t\t\t\t\t\t<div class=\"elementor-gallery-item__overlay\"><\/div>\n\t\t\t\t\t\t\t\t\t\t\t\t\t\t<\/a>\n\t\t\t\t\t\t\t<a class=\"e-gallery-item elementor-gallery-item elementor-animated-content\" href=\"https:\/\/vdyibiza.com\/wp-content\/uploads\/2020\/03\/Beneteau-Flyer-7.7-Sundeck-5.jpg\" data-elementor-open-lightbox=\"yes\" data-elementor-lightbox-slideshow=\"afcb91b\" data-elementor-lightbox-title=\"Beneteau Flyer 7.7 Sundeck-5\" data-e-action-hash=\"#elementor-action%3Aaction%3Dlightbox%26settings%3DeyJpZCI6Mzk2NSwidXJsIjoiaHR0cHM6XC9cL3ZkeWliaXphLmNvbVwvd3AtY29udGVudFwvdXBsb2Fkc1wvMjAyMFwvMDNcL0JlbmV0ZWF1LUZseWVyLTcuNy1TdW5kZWNrLTUuanBnIiwic2xpZGVzaG93IjoiYWZjYjkxYiJ9\">\n\t\t\t\t\t<div class=\"e-gallery-image elementor-gallery-item__image\" data-thumbnail=\"https:\/\/vdyibiza.com\/wp-content\/uploads\/2020\/03\/Beneteau-Flyer-7.7-Sundeck-5-300x200.jpg\" data-width=\"300\" data-height=\"200\" aria-label=\"\" role=\"img\" ><\/div>\n\t\t\t\t\t\t\t\t\t\t\t<div class=\"elementor-gallery-item__overlay\"><\/div>\n\t\t\t\t\t\t\t\t\t\t\t\t\t\t<\/a>\n\t\t\t\t\t\t\t<a class=\"e-gallery-item elementor-gallery-item elementor-animated-content\" href=\"https:\/\/vdyibiza.com\/wp-content\/uploads\/2020\/03\/Beneteau-Flyer-7.7-Sundeck-6.jpg\" data-elementor-open-lightbox=\"yes\" data-elementor-lightbox-slideshow=\"afcb91b\" data-elementor-lightbox-title=\"Beneteau Flyer 7.7 Sundeck-6\" data-e-action-hash=\"#elementor-action%3Aaction%3Dlightbox%26settings%3DeyJpZCI6Mzk2NiwidXJsIjoiaHR0cHM6XC9cL3ZkeWliaXphLmNvbVwvd3AtY29udGVudFwvdXBsb2Fkc1wvMjAyMFwvMDNcL0JlbmV0ZWF1LUZseWVyLTcuNy1TdW5kZWNrLTYuanBnIiwic2xpZGVzaG93IjoiYWZjYjkxYiJ9\">\n\t\t\t\t\t<div class=\"e-gallery-image elementor-gallery-item__image\" data-thumbnail=\"https:\/\/vdyibiza.com\/wp-content\/uploads\/2020\/03\/Beneteau-Flyer-7.7-Sundeck-6-300x200.jpg\" data-width=\"300\" data-height=\"200\" aria-label=\"\" role=\"img\" ><\/div>\n\t\t\t\t\t\t\t\t\t\t\t<div class=\"elementor-gallery-item__overlay\"><\/div>\n\t\t\t\t\t\t\t\t\t\t\t\t\t\t<\/a>\n\t\t\t\t\t<\/div>\n\t\t\t<\/div>\n\t\t\t\t<\/div>\n\t\t\t\t\t<\/div>\n\t\t<\/div>\n\t\t\t\t\t<\/div>\n\t\t<\/section>\n\t\t\t\t<section class=\"elementor-section elementor-top-section elementor-element elementor-element-4c78bdf elementor-section-full_width elementor-section-height-default elementor-section-height-default exad-glass-effect-no exad-sticky-section-no\" data-id=\"4c78bdf\" data-element_type=\"section\" data-settings=\"{&quot;background_background&quot;:&quot;classic&quot;}\">\n\t\t\t\t\t\t<div class=\"elementor-container elementor-column-gap-default\">\n\t\t\t\t\t<div class=\"elementor-column elementor-col-50 elementor-top-column elementor-element elementor-element-e7be450 exad-glass-effect-no exad-sticky-section-no\" data-id=\"e7be450\" data-element_type=\"column\">\n\t\t\t<div class=\"elementor-widget-wrap elementor-element-populated\">\n\t\t\t\t\t\t<div class=\"elementor-element elementor-element-b953d42 exad-sticky-section-no exad-glass-effect-no elementor-widget elementor-widget-text-editor\" data-id=\"b953d42\" data-element_type=\"widget\" data-widget_type=\"text-editor.default\">\n\t\t\t\t<div class=\"elementor-widget-container\">\n\t\t\t\t\t\t\t<table class=\"centro\"><thead><tr><th><h2>Especificaciones<\/h2><\/th><th>\u00a0<\/th><\/tr><\/thead><tbody><tr><td><h3>Precio por d\u00eda<\/h3><\/td><td>\u00a0<\/td><\/tr><tr><td>Temporada Alta: (Julio, Agosto.)<\/td><td>640\u20ac<\/td><\/tr><tr><td>Temporada Media: (Junio, Septiembre)<\/td><td>590\u20ac<\/td><\/tr><tr><td>Temporada Baja: (El resto del a\u00f1o.)<\/td><td>450\u20ac<\/td><\/tr><tr><td>Snorkel<\/td><td>\u00a0<\/td><\/tr><tr><td>Bimini<\/td><td>\u00a0<\/td><\/tr><tr><td>Refrescos y hielo<\/td><td>\u00a0<\/td><\/tr><\/tbody><\/table>\t\t\t\t\t\t<\/div>\n\t\t\t\t<\/div>\n\t\t\t\t\t<\/div>\n\t\t<\/div>\n\t\t\t\t<div class=\"elementor-column elementor-col-50 elementor-top-column elementor-element elementor-element-0ef80ca exad-glass-effect-no exad-sticky-section-no\" data-id=\"0ef80ca\" data-element_type=\"column\" data-settings=\"{&quot;background_background&quot;:&quot;classic&quot;}\">\n\t\t\t<div class=\"elementor-widget-wrap elementor-element-populated\">\n\t\t\t\t\t<div class=\"elementor-background-overlay\"><\/div>\n\t\t\t\t\t\t<div class=\"elementor-element elementor-element-55fc1dc exad-sticky-section-no exad-glass-effect-no elementor-widget elementor-widget-heading\" data-id=\"55fc1dc\" data-element_type=\"widget\" data-widget_type=\"heading.default\">\n\t\t\t\t<div class=\"elementor-widget-container\">\n\t\t\t<h2 class=\"elementor-heading-title elementor-size-default\">Pregunte sobre este Yate hoy<\/h2>\t\t<\/div>\n\t\t\t\t<\/div>\n\t\t\t\t<div class=\"elementor-element elementor-element-a6216ff elementor-align-justify exad-sticky-section-no exad-glass-effect-no elementor-widget elementor-widget-button\" data-id=\"a6216ff\" data-element_type=\"widget\" data-widget_type=\"button.default\">\n\t\t\t\t<div class=\"elementor-widget-container\">\n\t\t\t\t\t\t\t<div class=\"elementor-button-wrapper\">\n\t\t\t\t\t<a class=\"elementor-button elementor-button-link elementor-size-sm\" href=\"https:\/\/vdyibiza.com\/wp-content\/uploads\/2020\/03\/Ficha-Beneteau-7_7-VDY-Friendly.pdf\" target=\"_blank\" rel=\"nofollow\">\n\t\t\t\t\t\t<span class=\"elementor-button-content-wrapper\">\n\t\t\t\t\t\t\t\t\t<span class=\"elementor-button-text\">Descargar el folleto<\/span>\n\t\t\t\t\t<\/span>\n\t\t\t\t\t<\/a>\n\t\t\t\t<\/div>\n\t\t\t\t\t\t<\/div>\n\t\t\t\t<\/div>\n\t\t\t\t<div class=\"elementor-element elementor-element-02b555e elementor-align-justify btn-ctz exad-sticky-section-no exad-glass-effect-no elementor-widget elementor-widget-button\" data-id=\"02b555e\" data-element_type=\"widget\" data-widget_type=\"button.default\">\n\t\t\t\t<div class=\"elementor-widget-container\">\n\t\t\t\t\t\t\t<div class=\"elementor-button-wrapper\">\n\t\t\t\t\t<a class=\"elementor-button elementor-size-sm\" role=\"button\">\n\t\t\t\t\t\t<span class=\"elementor-button-content-wrapper\">\n\t\t\t\t\t\t\t\t\t<span class=\"elementor-button-text\">Obtener un presupuesto<\/span>\n\t\t\t\t\t<\/span>\n\t\t\t\t\t<\/a>\n\t\t\t\t<\/div>\n\t\t\t\t\t\t<\/div>\n\t\t\t\t<\/div>\n\t\t\t\t\t<\/div>\n\t\t<\/div>\n\t\t\t\t\t<\/div>\n\t\t<\/section>\n\t\t\t\t<section class=\"elementor-section elementor-top-section elementor-element elementor-element-60b629c formulario-ctz elementor-section-boxed elementor-section-height-default elementor-section-height-default exad-glass-effect-no exad-sticky-section-no\" data-id=\"60b629c\" data-element_type=\"section\" data-settings=\"{&quot;background_background&quot;:&quot;classic&quot;}\">\n\t\t\t\t\t\t<div class=\"elementor-container elementor-column-gap-default\">\n\t\t\t\t\t<div class=\"elementor-column elementor-col-100 elementor-top-column elementor-element elementor-element-98bdfde exad-glass-effect-no exad-sticky-section-no\" data-id=\"98bdfde\" data-element_type=\"column\">\n\t\t\t<div class=\"elementor-widget-wrap elementor-element-populated\">\n\t\t\t\t\t\t<div class=\"elementor-element elementor-element-c87c506 exad-sticky-section-no exad-glass-effect-no elementor-widget elementor-widget-heading\" data-id=\"c87c506\" data-element_type=\"widget\" data-widget_type=\"heading.default\">\n\t\t\t\t<div class=\"elementor-widget-container\">\n\t\t\t<h2 class=\"elementor-heading-title elementor-size-default\">Get in touch<\/h2>\t\t<\/div>\n\t\t\t\t<\/div>\n\t\t\t\t<div class=\"elementor-element elementor-element-9358438 exad-sticky-section-no exad-glass-effect-no elementor-widget elementor-widget-text-editor\" data-id=\"9358438\" data-element_type=\"widget\" data-widget_type=\"text-editor.default\">\n\t\t\t\t<div class=\"elementor-widget-container\">\n\t\t\t\t\t\t\t<p>we will contact you as fast as possible<\/p>\t\t\t\t\t\t<\/div>\n\t\t\t\t<\/div>\n\t\t\t\t<div class=\"elementor-element elementor-element-7633dc5 formulario-int exad-sticky-section-no exad-glass-effect-no elementor-widget elementor-widget-exad-contact-form-7\" data-id=\"7633dc5\" data-element_type=\"widget\" data-widget_type=\"exad-contact-form-7.default\">\n\t\t\t\t<div class=\"elementor-widget-container\">\n\t\t\t            <div class=\"exad-contact-form exad-contact-form-7 exad-contact-form-7633dc5\">\r\n                    \r\n                                        \r\n                \n<div class=\"wpcf7 no-js\" id=\"wpcf7-f3479-o1\" lang=\"es-ES\" dir=\"ltr\" data-wpcf7-id=\"3479\">\n<div class=\"screen-reader-response\"><p role=\"status\" aria-live=\"polite\" aria-atomic=\"true\"><\/p> <ul><\/ul><\/div>\n<form action=\"\/es\/wp-json\/wp\/v2\/pages\/4291#wpcf7-f3479-o1\" method=\"post\" class=\"wpcf7-form init\" aria-label=\"Formulario de contacto\" novalidate=\"novalidate\" data-status=\"init\">\n<div style=\"display: none;\">\n<input type=\"hidden\" name=\"_wpcf7\" value=\"3479\" \/>\n<input type=\"hidden\" name=\"_wpcf7_version\" value=\"6.0.1\" \/>\n<input type=\"hidden\" name=\"_wpcf7_locale\" value=\"es_ES\" \/>\n<input type=\"hidden\" name=\"_wpcf7_unit_tag\" value=\"wpcf7-f3479-o1\" \/>\n<input type=\"hidden\" name=\"_wpcf7_container_post\" value=\"0\" \/>\n<input type=\"hidden\" name=\"_wpcf7_posted_data_hash\" value=\"\" \/>\n<\/div>\n<p><span class=\"wpcf7-form-control-wrap\" data-name=\"text-679\"><input size=\"40\" maxlength=\"400\" class=\"wpcf7-form-control wpcf7-text wpcf7-validates-as-required\" aria-required=\"true\" aria-invalid=\"false\" placeholder=\"Full Name (Required)\" value=\"\" type=\"text\" name=\"text-679\" \/><\/span><br \/>\n<input class=\"wpcf7-form-control wpcf7-hidden\" id=\"post_title\" value=\"\" type=\"hidden\" name=\"hidden-385\" \/><br \/>\n<span class=\"wpcf7-form-control-wrap\" data-name=\"email-244\"><input size=\"40\" maxlength=\"400\" class=\"wpcf7-form-control wpcf7-email wpcf7-validates-as-required wpcf7-text wpcf7-validates-as-email\" aria-required=\"true\" aria-invalid=\"false\" placeholder=\"Email (Required)\" value=\"\" type=\"email\" name=\"email-244\" \/><\/span><br \/>\n<span class=\"wpcf7-form-control-wrap\" data-name=\"tel-952\"><input size=\"40\" maxlength=\"400\" class=\"wpcf7-form-control wpcf7-tel wpcf7-validates-as-required wpcf7-text wpcf7-validates-as-tel\" aria-required=\"true\" aria-invalid=\"false\" placeholder=\"Contact Number (Required)\" value=\"\" type=\"tel\" name=\"tel-952\" \/><\/span><br \/>\n<span class=\"wpcf7-form-control-wrap\" data-name=\"textarea-784\"><textarea cols=\"40\" rows=\"10\" maxlength=\"2000\" class=\"wpcf7-form-control wpcf7-textarea wpcf7-validates-as-required\" aria-required=\"true\" aria-invalid=\"false\" placeholder=\"Message\" name=\"textarea-784\"><\/textarea><\/span><br \/>\n<input class=\"wpcf7-form-control wpcf7-submit has-spinner\" type=\"submit\" value=\"SUBMIT NOW\" \/>\n<\/p><div class=\"wpcf7-response-output\" aria-hidden=\"true\"><\/div>\n<\/form>\n<\/div>\n            <\/div>\r\n            \r\n            \t\t<\/div>\n\t\t\t\t<\/div>\n\t\t\t\t\t<\/div>\n\t\t<\/div>\n\t\t\t\t\t<\/div>\n\t\t<\/section>\n\t\t\t\t<\/div>\n\t\t","protected":false},"excerpt":{"rendered":"<p>Beneteau Flyer 25 7.7 sundeck Beneteau Flyer 7.7 Cuando se trata de elegir el barco para ese d\u00eda tan esperado, es necesario hacerlo sobre seguro. &#8230; <a title=\"Beneteau Flyer 25 7.7 sundeck\" class=\"read-more\" href=\"https:\/\/vdyibiza.com\/es\/beneteau-flyer-25-7-7-sundeck\/\">Read more<\/a><\/p>\n","protected":false},"author":5,"featured_media":0,"parent":0,"menu_order":0,"comment_status":"closed","ping_status":"closed","template":"elementor_header_footer","meta":{"_monsterinsights_skip_tracking":false,"_monsterinsights_sitenote_active":false,"_monsterinsights_sitenote_note":"","_monsterinsights_sitenote_category":0,"footnotes":""},"class_list":["post-4291","page","type-page","status-publish"],"yoast_head":"<!-- This site is optimized with the Yoast SEO plugin v23.9 - https:\/\/yoast.com\/wordpress\/plugins\/seo\/ -->\n<title>Beneteau Flyer 25 7.7 sundeck - VDY Ibiza<\/title>\n<meta name=\"robots\" content=\"index, follow, max-snippet:-1, max-image-preview:large, max-video-preview:-1\" \/>\n<link rel=\"canonical\" href=\"https:\/\/vdyibiza.com\/es\/beneteau-flyer-25-7-7-sundeck\/\" \/>\n<meta property=\"og:locale\" content=\"es_ES\" \/>\n<meta property=\"og:type\" content=\"article\" \/>\n<meta property=\"og:title\" content=\"Beneteau Flyer 25 7.7 sundeck - VDY Ibiza\" \/>\n<meta property=\"og:description\" content=\"Beneteau Flyer 25 7.7 sundeck Beneteau Flyer 7.7 Cuando se trata de elegir el barco para ese d\u00eda tan esperado, es necesario hacerlo sobre seguro. ... Read more\" \/>\n<meta property=\"og:url\" content=\"https:\/\/vdyibiza.com\/es\/beneteau-flyer-25-7-7-sundeck\/\" \/>\n<meta property=\"og:site_name\" content=\"VDY Ibiza\" \/>\n<meta property=\"article:publisher\" content=\"https:\/\/www.facebook.com\/VDYIbiza\" \/>\n<meta property=\"article:modified_time\" content=\"2021-03-22T20:07:29+00:00\" \/>\n<meta name=\"twitter:card\" content=\"summary_large_image\" \/>\n<meta name=\"twitter:label1\" content=\"Tiempo de lectura\" \/>\n\t<meta name=\"twitter:data1\" content=\"3 minutos\" \/>\n<!-- \/ Yoast SEO plugin. -->","yoast_head_json":{"title":"Beneteau Flyer 25 7.7 sundeck - VDY Ibiza","robots":{"index":"index","follow":"follow","max-snippet":"max-snippet:-1","max-image-preview":"max-image-preview:large","max-video-preview":"max-video-preview:-1"},"canonical":"https:\/\/vdyibiza.com\/es\/beneteau-flyer-25-7-7-sundeck\/","og_locale":"es_ES","og_type":"article","og_title":"Beneteau Flyer 25 7.7 sundeck - VDY Ibiza","og_description":"Beneteau Flyer 25 7.7 sundeck Beneteau Flyer 7.7 Cuando se trata de elegir el barco para ese d\u00eda tan esperado, es necesario hacerlo sobre seguro. ... Read more","og_url":"https:\/\/vdyibiza.com\/es\/beneteau-flyer-25-7-7-sundeck\/","og_site_name":"VDY Ibiza","article_publisher":"https:\/\/www.facebook.com\/VDYIbiza","article_modified_time":"2021-03-22T20:07:29+00:00","twitter_card":"summary_large_image","twitter_misc":{"Tiempo de lectura":"3 minutos"},"schema":{"@context":"https:\/\/schema.org","@graph":[]}},"_links":{"self":[{"href":"https:\/\/vdyibiza.com\/es\/wp-json\/wp\/v2\/pages\/4291","targetHints":{"allow":["GET"]}}],"collection":[{"href":"https:\/\/vdyibiza.com\/es\/wp-json\/wp\/v2\/pages"}],"about":[{"href":"https:\/\/vdyibiza.com\/es\/wp-json\/wp\/v2\/types\/page"}],"author":[{"embeddable":true,"href":"https:\/\/vdyibiza.com\/es\/wp-json\/wp\/v2\/users\/5"}],"replies":[{"embeddable":true,"href":"https:\/\/vdyibiza.com\/es\/wp-json\/wp\/v2\/comments?post=4291"}],"version-history":[{"count":5,"href":"https:\/\/vdyibiza.com\/es\/wp-json\/wp\/v2\/pages\/4291\/revisions"}],"predecessor-version":[{"id":5896,"href":"https:\/\/vdyibiza.com\/es\/wp-json\/wp\/v2\/pages\/4291\/revisions\/5896"}],"wp:attachment":[{"href":"https:\/\/vdyibiza.com\/es\/wp-json\/wp\/v2\/media?parent=4291"}],"curies":[{"name":"wp","href":"https:\/\/api.w.org\/{rel}","templated":true}]}}