{"id":4317,"date":"2020-06-11T09:54:09","date_gmt":"2020-06-11T08:54:09","guid":{"rendered":"https:\/\/vdyibiza.com\/?page_id=4317"},"modified":"2021-03-22T20:34:33","modified_gmt":"2021-03-22T19:34:33","slug":"bilgin-263-tatiana","status":"publish","type":"page","link":"https:\/\/vdyibiza.com\/es\/bilgin-263-tatiana\/","title":{"rendered":"Bilgin 263 Tatiana"},"content":{"rendered":"\t\t<div data-elementor-type=\"wp-page\" data-elementor-id=\"4317\" class=\"elementor elementor-4317 elementor-3779\" data-elementor-post-type=\"page\">\n\t\t\t\t\t\t<section class=\"elementor-section elementor-top-section elementor-element elementor-element-125b7e1 elementor-section-height-min-height elementor-section-boxed elementor-section-height-default elementor-section-items-middle exad-glass-effect-no exad-sticky-section-no\" data-id=\"125b7e1\" data-element_type=\"section\" data-settings=\"{&quot;background_background&quot;:&quot;classic&quot;}\">\n\t\t\t\t\t\t<div class=\"elementor-container elementor-column-gap-default\">\n\t\t\t\t\t<div class=\"elementor-column elementor-col-100 elementor-top-column elementor-element elementor-element-22e983d exad-glass-effect-no exad-sticky-section-no\" data-id=\"22e983d\" data-element_type=\"column\">\n\t\t\t<div class=\"elementor-widget-wrap elementor-element-populated\">\n\t\t\t\t\t\t<div class=\"elementor-element elementor-element-9e7a75f exad-sticky-section-no exad-glass-effect-no elementor-widget elementor-widget-heading\" data-id=\"9e7a75f\" data-element_type=\"widget\" data-widget_type=\"heading.default\">\n\t\t\t\t<div class=\"elementor-widget-container\">\n\t\t\t<h1 class=\"elementor-heading-title elementor-size-default\">Bilgin 263 Tatiana<\/h1>\t\t<\/div>\n\t\t\t\t<\/div>\n\t\t\t\t\t<\/div>\n\t\t<\/div>\n\t\t\t\t\t<\/div>\n\t\t<\/section>\n\t\t\t\t<section class=\"elementor-section elementor-top-section elementor-element elementor-element-568fee2 elementor-section-boxed elementor-section-height-default elementor-section-height-default exad-glass-effect-no exad-sticky-section-no\" data-id=\"568fee2\" data-element_type=\"section\">\n\t\t\t\t\t\t<div class=\"elementor-container elementor-column-gap-default\">\n\t\t\t\t\t<div class=\"elementor-column elementor-col-100 elementor-top-column elementor-element elementor-element-13530d9 exad-glass-effect-no exad-sticky-section-no\" data-id=\"13530d9\" data-element_type=\"column\">\n\t\t\t<div class=\"elementor-widget-wrap elementor-element-populated\">\n\t\t\t\t\t\t<div class=\"elementor-element elementor-element-4742060 exad-sticky-section-no exad-glass-effect-no elementor-widget elementor-widget-text-editor\" data-id=\"4742060\" data-element_type=\"widget\" data-widget_type=\"text-editor.default\">\n\t\t\t\t<div class=\"elementor-widget-container\">\n\t\t\t\t\t\t\t<h2 style=\"color: #00326f;\">Bilgin 263 Tatiana<\/h2><p>Nacidos para ser los yates m\u00e1s grandes que se han construido en Turqu\u00eda &#8230; Las dos primeras unidades de la serie Bilgin 263 se lanzar\u00e1n en 2020, mientras que el astillero ya ha comenzado a construir la tercera unidad seg\u00fan las especificaciones. Los yates reflejan el objetivo del astillero de ser una de las marcas m\u00e1s importantes del mundo.<\/p><p>Los yates Bilgin 263 tienen l\u00edneas afiladas y \u00e1reas interiores elegantes que ofrecen una sensaci\u00f3n moderna. El uso extensivo de una combinaci\u00f3n contrastante de \u00e9bano rico de Macassar, eucalipto y mucho m\u00e1rmol crea una fuerte identidad y una sensaci\u00f3n de lujo en el superyate.<\/p><p>Emrecan \u00d6zg\u00fcn, director ejecutivo y fundador de Unique Yacht Design, describe la nueva serie 263 de la siguiente manera: \u201cCon sus elementos de dise\u00f1o y comodidad, la Bilgin 263 es realmente \u00fanica en su tipo. Creamos un yate muy atractivo con un perfil elegante y sexy evitando clich\u00e9s de dise\u00f1o de dosis altas. El aumento en las \u00e1reas habitables normalmente da como resultado dise\u00f1os voluminosos. El Bilgin 263 tiene una actitud de dise\u00f1o que dominar\u00e1 el sector de la navegaci\u00f3n en todo el mundo. Esto claramente la convertir\u00e1 en una marca de tendencias entre los superyates de acero y aluminio de la actualidad \u201d. Toby Sturge de H2 Yacht Design dice: \u201cEstaba pidiendo un dise\u00f1o que fuera \u00fanico para sus propios requisitos y que las personas sin duda recordar\u00edan y diferenciar\u00edan entre muchos otros yates de 80m. Como equipo de H2 Yacht Design, nos centramos en los deseos del propietario y los convertimos en un interior c\u00f3modo, lujoso y funcional. El eufemismo atemporal es, de hecho, el tema recurrente a bordo.<\/p>\t\t\t\t\t\t<\/div>\n\t\t\t\t<\/div>\n\t\t\t\t\t<\/div>\n\t\t<\/div>\n\t\t\t\t\t<\/div>\n\t\t<\/section>\n\t\t\t\t<section class=\"elementor-section elementor-top-section elementor-element elementor-element-dcd5589 elementor-section-full_width elementor-section-height-default elementor-section-height-default exad-glass-effect-no exad-sticky-section-no\" data-id=\"dcd5589\" data-element_type=\"section\" data-settings=\"{&quot;background_background&quot;:&quot;classic&quot;}\">\n\t\t\t\t\t\t<div class=\"elementor-container elementor-column-gap-default\">\n\t\t\t\t\t<div class=\"elementor-column elementor-col-50 elementor-top-column elementor-element elementor-element-9482f6e exad-glass-effect-no exad-sticky-section-no\" data-id=\"9482f6e\" data-element_type=\"column\">\n\t\t\t<div class=\"elementor-widget-wrap elementor-element-populated\">\n\t\t\t\t\t\t<div class=\"elementor-element elementor-element-47f3d81 exad-sticky-section-no exad-glass-effect-no elementor-widget elementor-widget-text-editor\" data-id=\"47f3d81\" data-element_type=\"widget\" data-widget_type=\"text-editor.default\">\n\t\t\t\t<div class=\"elementor-widget-container\">\n\t\t\t\t\t\t\t<table class=\"centro\"><thead><tr><th><h2>Precios por semana<\/h2><\/th><th>\u00a0<\/th><\/tr><\/thead><tbody><tr><td>775.000\u20ac<\/td><td>\u00a0<\/td><\/tr><\/tbody><\/table>\t\t\t\t\t\t<\/div>\n\t\t\t\t<\/div>\n\t\t\t\t\t<\/div>\n\t\t<\/div>\n\t\t\t\t<div class=\"elementor-column elementor-col-50 elementor-top-column elementor-element elementor-element-d960501 exad-glass-effect-no exad-sticky-section-no\" data-id=\"d960501\" data-element_type=\"column\" data-settings=\"{&quot;background_background&quot;:&quot;classic&quot;}\">\n\t\t\t<div class=\"elementor-widget-wrap elementor-element-populated\">\n\t\t\t\t\t<div class=\"elementor-background-overlay\"><\/div>\n\t\t\t\t\t\t<div class=\"elementor-element elementor-element-2fa8d56 exad-sticky-section-no exad-glass-effect-no elementor-widget elementor-widget-heading\" data-id=\"2fa8d56\" data-element_type=\"widget\" data-widget_type=\"heading.default\">\n\t\t\t\t<div class=\"elementor-widget-container\">\n\t\t\t<h2 class=\"elementor-heading-title elementor-size-default\">Pregunte sobre este Yate hoy<\/h2>\t\t<\/div>\n\t\t\t\t<\/div>\n\t\t\t\t<div class=\"elementor-element elementor-element-3deea79 elementor-align-justify exad-sticky-section-no exad-glass-effect-no elementor-widget elementor-widget-button\" data-id=\"3deea79\" data-element_type=\"widget\" data-widget_type=\"button.default\">\n\t\t\t\t<div class=\"elementor-widget-container\">\n\t\t\t\t\t\t\t<div class=\"elementor-button-wrapper\">\n\t\t\t\t\t<a class=\"elementor-button elementor-button-link elementor-size-sm\" href=\"https:\/\/vdyibiza.com\/wp-content\/uploads\/2020\/03\/Bilgin-263-Short-Specs.pdf\" target=\"_blank\" rel=\"nofollow\">\n\t\t\t\t\t\t<span class=\"elementor-button-content-wrapper\">\n\t\t\t\t\t\t\t\t\t<span class=\"elementor-button-text\">Descargar el folleto<\/span>\n\t\t\t\t\t<\/span>\n\t\t\t\t\t<\/a>\n\t\t\t\t<\/div>\n\t\t\t\t\t\t<\/div>\n\t\t\t\t<\/div>\n\t\t\t\t<div class=\"elementor-element elementor-element-4413d2a elementor-align-justify btn-ctz exad-sticky-section-no exad-glass-effect-no elementor-widget elementor-widget-button\" data-id=\"4413d2a\" data-element_type=\"widget\" data-widget_type=\"button.default\">\n\t\t\t\t<div class=\"elementor-widget-container\">\n\t\t\t\t\t\t\t<div class=\"elementor-button-wrapper\">\n\t\t\t\t\t<a class=\"elementor-button elementor-size-sm\" role=\"button\">\n\t\t\t\t\t\t<span class=\"elementor-button-content-wrapper\">\n\t\t\t\t\t\t\t\t\t<span class=\"elementor-button-text\">Obtener un presupuesto<\/span>\n\t\t\t\t\t<\/span>\n\t\t\t\t\t<\/a>\n\t\t\t\t<\/div>\n\t\t\t\t\t\t<\/div>\n\t\t\t\t<\/div>\n\t\t\t\t\t<\/div>\n\t\t<\/div>\n\t\t\t\t\t<\/div>\n\t\t<\/section>\n\t\t\t\t<section class=\"elementor-section elementor-top-section elementor-element elementor-element-f72649f formulario-ctz elementor-section-boxed elementor-section-height-default elementor-section-height-default exad-glass-effect-no exad-sticky-section-no\" data-id=\"f72649f\" data-element_type=\"section\" data-settings=\"{&quot;background_background&quot;:&quot;classic&quot;}\">\n\t\t\t\t\t\t<div class=\"elementor-container elementor-column-gap-default\">\n\t\t\t\t\t<div class=\"elementor-column elementor-col-100 elementor-top-column elementor-element elementor-element-556ac62 exad-glass-effect-no exad-sticky-section-no\" data-id=\"556ac62\" data-element_type=\"column\">\n\t\t\t<div class=\"elementor-widget-wrap elementor-element-populated\">\n\t\t\t\t\t\t<div class=\"elementor-element elementor-element-95eea86 exad-sticky-section-no exad-glass-effect-no elementor-widget elementor-widget-heading\" data-id=\"95eea86\" data-element_type=\"widget\" data-widget_type=\"heading.default\">\n\t\t\t\t<div class=\"elementor-widget-container\">\n\t\t\t<h2 class=\"elementor-heading-title elementor-size-default\">Get in touch<\/h2>\t\t<\/div>\n\t\t\t\t<\/div>\n\t\t\t\t<div class=\"elementor-element elementor-element-58a8f93 exad-sticky-section-no exad-glass-effect-no elementor-widget elementor-widget-text-editor\" data-id=\"58a8f93\" data-element_type=\"widget\" data-widget_type=\"text-editor.default\">\n\t\t\t\t<div class=\"elementor-widget-container\">\n\t\t\t\t\t\t\twe will contact you as fast as possible\t\t\t\t\t\t<\/div>\n\t\t\t\t<\/div>\n\t\t\t\t<div class=\"elementor-element elementor-element-208153d formulario-int exad-sticky-section-no exad-glass-effect-no elementor-widget elementor-widget-exad-contact-form-7\" data-id=\"208153d\" data-element_type=\"widget\" data-widget_type=\"exad-contact-form-7.default\">\n\t\t\t\t<div class=\"elementor-widget-container\">\n\t\t\t            <div class=\"exad-contact-form exad-contact-form-7 exad-contact-form-208153d\">\r\n                    \r\n                                        \r\n                \n<div class=\"wpcf7 no-js\" id=\"wpcf7-f3479-o1\" lang=\"es-ES\" dir=\"ltr\" data-wpcf7-id=\"3479\">\n<div class=\"screen-reader-response\"><p role=\"status\" aria-live=\"polite\" aria-atomic=\"true\"><\/p> <ul><\/ul><\/div>\n<form action=\"\/es\/wp-json\/wp\/v2\/pages\/4317#wpcf7-f3479-o1\" method=\"post\" class=\"wpcf7-form init\" aria-label=\"Formulario de contacto\" novalidate=\"novalidate\" data-status=\"init\">\n<div style=\"display: none;\">\n<input type=\"hidden\" name=\"_wpcf7\" value=\"3479\" \/>\n<input type=\"hidden\" name=\"_wpcf7_version\" value=\"6.0.1\" \/>\n<input type=\"hidden\" name=\"_wpcf7_locale\" value=\"es_ES\" \/>\n<input type=\"hidden\" name=\"_wpcf7_unit_tag\" value=\"wpcf7-f3479-o1\" \/>\n<input type=\"hidden\" name=\"_wpcf7_container_post\" value=\"0\" \/>\n<input type=\"hidden\" name=\"_wpcf7_posted_data_hash\" value=\"\" \/>\n<\/div>\n<p><span class=\"wpcf7-form-control-wrap\" data-name=\"text-679\"><input size=\"40\" maxlength=\"400\" class=\"wpcf7-form-control wpcf7-text wpcf7-validates-as-required\" aria-required=\"true\" aria-invalid=\"false\" placeholder=\"Full Name (Required)\" value=\"\" type=\"text\" name=\"text-679\" \/><\/span><br \/>\n<input class=\"wpcf7-form-control wpcf7-hidden\" id=\"post_title\" value=\"\" type=\"hidden\" name=\"hidden-385\" \/><br \/>\n<span class=\"wpcf7-form-control-wrap\" data-name=\"email-244\"><input size=\"40\" maxlength=\"400\" class=\"wpcf7-form-control wpcf7-email wpcf7-validates-as-required wpcf7-text wpcf7-validates-as-email\" aria-required=\"true\" aria-invalid=\"false\" placeholder=\"Email (Required)\" value=\"\" type=\"email\" name=\"email-244\" \/><\/span><br \/>\n<span class=\"wpcf7-form-control-wrap\" data-name=\"tel-952\"><input size=\"40\" maxlength=\"400\" class=\"wpcf7-form-control wpcf7-tel wpcf7-validates-as-required wpcf7-text wpcf7-validates-as-tel\" aria-required=\"true\" aria-invalid=\"false\" placeholder=\"Contact Number (Required)\" value=\"\" type=\"tel\" name=\"tel-952\" \/><\/span><br \/>\n<span class=\"wpcf7-form-control-wrap\" data-name=\"textarea-784\"><textarea cols=\"40\" rows=\"10\" maxlength=\"2000\" class=\"wpcf7-form-control wpcf7-textarea wpcf7-validates-as-required\" aria-required=\"true\" aria-invalid=\"false\" placeholder=\"Message\" name=\"textarea-784\"><\/textarea><\/span><br \/>\n<input class=\"wpcf7-form-control wpcf7-submit has-spinner\" type=\"submit\" value=\"SUBMIT NOW\" \/>\n<\/p><div class=\"wpcf7-response-output\" aria-hidden=\"true\"><\/div>\n<\/form>\n<\/div>\n            <\/div>\r\n            \r\n            \t\t<\/div>\n\t\t\t\t<\/div>\n\t\t\t\t\t<\/div>\n\t\t<\/div>\n\t\t\t\t\t<\/div>\n\t\t<\/section>\n\t\t\t\t<\/div>\n\t\t","protected":false},"excerpt":{"rendered":"<p>Bilgin 263 Tatiana Bilgin 263 Tatiana Nacidos para ser los yates m\u00e1s grandes que se han construido en Turqu\u00eda &#8230; Las dos primeras unidades de &#8230; <a title=\"Bilgin 263 Tatiana\" class=\"read-more\" href=\"https:\/\/vdyibiza.com\/es\/bilgin-263-tatiana\/\">Read more<\/a><\/p>\n","protected":false},"author":5,"featured_media":0,"parent":0,"menu_order":0,"comment_status":"closed","ping_status":"closed","template":"elementor_header_footer","meta":{"_monsterinsights_skip_tracking":false,"_monsterinsights_sitenote_active":false,"_monsterinsights_sitenote_note":"","_monsterinsights_sitenote_category":0,"footnotes":""},"class_list":["post-4317","page","type-page","status-publish"],"yoast_head":"<!-- This site is optimized with the Yoast SEO plugin v23.9 - https:\/\/yoast.com\/wordpress\/plugins\/seo\/ -->\n<title>Bilgin 263 Tatiana - VDY Ibiza<\/title>\n<meta name=\"robots\" content=\"index, follow, max-snippet:-1, max-image-preview:large, max-video-preview:-1\" \/>\n<link rel=\"canonical\" href=\"https:\/\/vdyibiza.com\/es\/bilgin-263-tatiana\/\" \/>\n<meta property=\"og:locale\" content=\"es_ES\" \/>\n<meta property=\"og:type\" content=\"article\" \/>\n<meta property=\"og:title\" content=\"Bilgin 263 Tatiana - VDY Ibiza\" \/>\n<meta property=\"og:description\" content=\"Bilgin 263 Tatiana Bilgin 263 Tatiana Nacidos para ser los yates m\u00e1s grandes que se han construido en Turqu\u00eda &#8230; Las dos primeras unidades de ... Read more\" \/>\n<meta property=\"og:url\" content=\"https:\/\/vdyibiza.com\/es\/bilgin-263-tatiana\/\" \/>\n<meta property=\"og:site_name\" content=\"VDY Ibiza\" \/>\n<meta property=\"article:publisher\" content=\"https:\/\/www.facebook.com\/VDYIbiza\" \/>\n<meta property=\"article:modified_time\" content=\"2021-03-22T19:34:33+00:00\" \/>\n<meta name=\"twitter:card\" content=\"summary_large_image\" \/>\n<meta name=\"twitter:label1\" content=\"Tiempo de lectura\" \/>\n\t<meta name=\"twitter:data1\" content=\"2 minutos\" \/>\n<!-- \/ Yoast SEO plugin. -->","yoast_head_json":{"title":"Bilgin 263 Tatiana - VDY Ibiza","robots":{"index":"index","follow":"follow","max-snippet":"max-snippet:-1","max-image-preview":"max-image-preview:large","max-video-preview":"max-video-preview:-1"},"canonical":"https:\/\/vdyibiza.com\/es\/bilgin-263-tatiana\/","og_locale":"es_ES","og_type":"article","og_title":"Bilgin 263 Tatiana - VDY Ibiza","og_description":"Bilgin 263 Tatiana Bilgin 263 Tatiana Nacidos para ser los yates m\u00e1s grandes que se han construido en Turqu\u00eda &#8230; Las dos primeras unidades de ... Read more","og_url":"https:\/\/vdyibiza.com\/es\/bilgin-263-tatiana\/","og_site_name":"VDY Ibiza","article_publisher":"https:\/\/www.facebook.com\/VDYIbiza","article_modified_time":"2021-03-22T19:34:33+00:00","twitter_card":"summary_large_image","twitter_misc":{"Tiempo de lectura":"2 minutos"},"schema":{"@context":"https:\/\/schema.org","@graph":[]}},"_links":{"self":[{"href":"https:\/\/vdyibiza.com\/es\/wp-json\/wp\/v2\/pages\/4317","targetHints":{"allow":["GET"]}}],"collection":[{"href":"https:\/\/vdyibiza.com\/es\/wp-json\/wp\/v2\/pages"}],"about":[{"href":"https:\/\/vdyibiza.com\/es\/wp-json\/wp\/v2\/types\/page"}],"author":[{"embeddable":true,"href":"https:\/\/vdyibiza.com\/es\/wp-json\/wp\/v2\/users\/5"}],"replies":[{"embeddable":true,"href":"https:\/\/vdyibiza.com\/es\/wp-json\/wp\/v2\/comments?post=4317"}],"version-history":[{"count":7,"href":"https:\/\/vdyibiza.com\/es\/wp-json\/wp\/v2\/pages\/4317\/revisions"}],"predecessor-version":[{"id":5875,"href":"https:\/\/vdyibiza.com\/es\/wp-json\/wp\/v2\/pages\/4317\/revisions\/5875"}],"wp:attachment":[{"href":"https:\/\/vdyibiza.com\/es\/wp-json\/wp\/v2\/media?parent=4317"}],"curies":[{"name":"wp","href":"https:\/\/api.w.org\/{rel}","templated":true}]}}